{"id":483,"date":"2022-08-23T08:43:29","date_gmt":"2022-08-23T08:43:29","guid":{"rendered":"https:\/\/bsosc.eu\/wordpress\/public\/?page_id=483"},"modified":"2022-11-29T10:50:00","modified_gmt":"2022-11-29T10:50:00","slug":"partners","status":"publish","type":"page","link":"https:\/\/4biz.bsun.org\/?page_id=483","title":{"rendered":"PARTNERS"},"content":{"rendered":"\n\n<p><a href=\"https:\/\/bsun.org\/\" target=\"_blank\" rel=\"noreferrer noopener\" data-type=\"URL\" data-id=\"https:\/\/bsun.org\/\">Black Sea Universities Network (BSUN)<\/a>-Coordinator<\/p>\n<p><a href=\"https:\/\/icbss.org\/\" target=\"_blank\" rel=\"noreferrer noopener\" data-type=\"URL\" data-id=\"https:\/\/icbss.org\/\">International Center for Black Sea Studies (ICBSS)<\/a><\/p>\n<p><a href=\"https:\/\/www.cciagl.ro\/\" target=\"_blank\" rel=\"noreferrer noopener\" data-type=\"URL\" data-id=\"https:\/\/www.cciagl.ro\/\">Galati Chamber of Commerce, Industry and Agriculture (CCIA Galati)<\/a><\/p>\n<p><a href=\"https:\/\/kpi.ua\/en\" target=\"_blank\" rel=\"noreferrer noopener\" data-type=\"URL\" data-id=\"https:\/\/kpi.ua\/en\">Igor Sikorsky Kyiv Polytechnic Institute (KPI)<\/a><\/p>\n<p><a href=\"https:\/\/maritimeukraine.com\/en\/about-us\/\" target=\"_blank\" rel=\"noreferrer noopener\">Public Union &#8220;Ukrainian Maritime Cluster&#8221; (UMC)<\/a><\/p>\n<p><a href=\"https:\/\/bsma.edu.ge\/\" target=\"_blank\" rel=\"noreferrer noopener\" data-type=\"URL\" data-id=\"https:\/\/bsma.edu.ge\/\">Batumi State Maritime Academy (BSMA)\u00a0<\/a><\/p>\n<p><a href=\"https:\/\/www.doka.org.tr\/\" target=\"_blank\" rel=\"noreferrer noopener\" data-type=\"URL\" data-id=\"https:\/\/www.doka.org.tr\/\">Do\u011fu Karadeniz Kalk\u0131nma Ajans\u0131 (DOKA)\u00a0<\/a><\/p>\n<p><a href=\"https:\/\/www.marinecluster.com\/en\/\" target=\"_blank\" rel=\"noreferrer noopener\" data-type=\"URL\" data-id=\"https:\/\/www.marinecluster.com\/en\/\">Marine Cluster Bulgaria (MCB)\u00a0<\/a><\/p>\n<p><a href=\"https:\/\/www.ase.ro\/index_en.asp\" target=\"_blank\" rel=\"noreferrer noopener\" data-type=\"URL\" data-id=\"https:\/\/www.ase.ro\/index_en.asp\">Bucharest Academy of Economic Studies (ASE Bucuresti)<\/a><\/p>\n<h2><a href=\"https:\/\/4biz.bsun.org\/?page_id=658\">ASSOCIATED PARTNERS<\/a><\/h2>\n\n","protected":false},"excerpt":{"rendered":"<p>Black Sea Universities Network (BSUN)-Coordinator International Center for Black Sea Studies (ICBSS) Galati Chamber of Commerce, Industry and Agriculture (CCIA Galati) Igor Sikorsky Kyiv Polytechnic Institute (KPI) Public Union &#8220;Ukrainian Maritime Cluster&#8221; (UMC) Batumi State Maritime Academy (BSMA)\u00a0 Do\u011fu Karadeniz Kalk\u0131nma Ajans\u0131 (DOKA)\u00a0 Marine Cluster Bulgaria (MCB)\u00a0 Bucharest Academy of Economic Studies (ASE Bucuresti) ASSOCIATED &hellip;<\/p>\n<p class=\"read-more\"> <a class=\"\" href=\"https:\/\/4biz.bsun.org\/?page_id=483\"> <span class=\"screen-reader-text\">PARTNERS<\/span> Read More &raquo;<\/a><\/p>\n","protected":false},"author":1,"featured_media":0,"parent":0,"menu_order":0,"comment_status":"closed","ping_status":"closed","template":"","meta":{"site-sidebar-layout":"default","site-content-layout":"default","ast-global-header-display":"","ast-main-header-display":"","ast-hfb-above-header-display":"","ast-hfb-below-header-display":"","ast-hfb-mobile-header-display":"","site-post-title":"","ast-breadcrumbs-content":"","ast-featured-img":"","footer-sml-layout":"","theme-transparent-header-meta":"","adv-header-id-meta":"","stick-header-meta":"","header-above-stick-meta":"","header-main-stick-meta":"","header-below-stick-meta":""},"_links":{"self":[{"href":"https:\/\/4biz.bsun.org\/index.php?rest_route=\/wp\/v2\/pages\/483"}],"collection":[{"href":"https:\/\/4biz.bsun.org\/index.php?rest_route=\/wp\/v2\/pages"}],"about":[{"href":"https:\/\/4biz.bsun.org\/index.php?rest_route=\/wp\/v2\/types\/page"}],"author":[{"embeddable":true,"href":"https:\/\/4biz.bsun.org\/index.php?rest_route=\/wp\/v2\/users\/1"}],"replies":[{"embeddable":true,"href":"https:\/\/4biz.bsun.org\/index.php?rest_route=%2Fwp%2Fv2%2Fcomments&post=483"}],"version-history":[{"count":24,"href":"https:\/\/4biz.bsun.org\/index.php?rest_route=\/wp\/v2\/pages\/483\/revisions"}],"predecessor-version":[{"id":679,"href":"https:\/\/4biz.bsun.org\/index.php?rest_route=\/wp\/v2\/pages\/483\/revisions\/679"}],"wp:attachment":[{"href":"https:\/\/4biz.bsun.org\/index.php?rest_route=%2Fwp%2Fv2%2Fmedia&parent=483"}],"curies":[{"name":"wp","href":"https:\/\/api.w.org\/{rel}","templated":true}]}}